{"id":456,"date":"2022-09-15T10:25:40","date_gmt":"2022-09-15T10:25:40","guid":{"rendered":"https:\/\/heimdall-gallery.com\/?page_id=456"},"modified":"2025-09-17T07:44:06","modified_gmt":"2025-09-17T07:44:06","slug":"artistes","status":"publish","type":"page","link":"https:\/\/heimdall-gallery.com\/fr\/artistes\/","title":{"rendered":"Artistes"},"content":{"rendered":"<p>[et_pb_section fb_built=\u00a0\u00bb1&Prime; admin_label=\u00a0\u00bbHeader\u00a0\u00bb module_class=\u00a0\u00bbheader-section\u00a0\u00bb _builder_version=\u00a0\u00bb4.23&Prime; _module_preset=\u00a0\u00bbdefault\u00a0\u00bb background_image=\u00a0\u00bbhttp:\/\/heimdall-gallery.com\/wp-content\/uploads\/2023\/12\/polina-kuzovkova-8sm4IuF7ajw-uns-2.jpg\u00a0\u00bb global_colors_info=\u00a0\u00bb{}\u00a0\u00bb][et_pb_row module_class=\u00a0\u00bbheader-row\u00a0\u00bb _builder_version=\u00a0\u00bb4.17.4&Prime; _module_preset=\u00a0\u00bbdefault\u00a0\u00bb background_enable_image=\u00a0\u00bboff\u00a0\u00bb global_colors_info=\u00a0\u00bb{}\u00a0\u00bb][et_pb_column type=\u00a0\u00bb4_4&Prime; _builder_version=\u00a0\u00bb4.17.4&Prime; _module_preset=\u00a0\u00bbdefault\u00a0\u00bb global_colors_info=\u00a0\u00bb{}\u00a0\u00bb][et_pb_cta title=\u00a0\u00bbLe savoir-faire de nos artistes\u00a0\u00bb admin_label=\u00a0\u00bbHeader\u00a0\u00bb module_class=\u00a0\u00bbheader-module\u00a0\u00bb _builder_version=\u00a0\u00bb4.27.4&Prime; _module_preset=\u00a0\u00bbdefault\u00a0\u00bb header_level=\u00a0\u00bbh1&Prime; use_background_color=\u00a0\u00bboff\u00a0\u00bb animation_style=\u00a0\u00bbfade\u00a0\u00bb animation_duration=\u00a0\u00bb900ms\u00a0\u00bb animation_delay=\u00a0\u00bb2ms\u00a0\u00bb animation_starting_opacity=\u00a0\u00bb2%\u00a0\u00bb global_colors_info=\u00a0\u00bb{}\u00a0\u00bb][\/et_pb_cta][\/et_pb_column][\/et_pb_row][\/et_pb_section][et_pb_section fb_built=\u00a0\u00bb1&Prime; module_class=\u00a0\u00bbartists-intro-section\u00a0\u00bb _builder_version=\u00a0\u00bb4.27.4&Prime; _module_preset=\u00a0\u00bbdefault\u00a0\u00bb hover_enabled=\u00a0\u00bb0&Prime; global_colors_info=\u00a0\u00bb{}\u00a0\u00bb sticky_enabled=\u00a0\u00bb0&Prime;][et_pb_row module_class=\u00a0\u00bbartists-intro-row\u00a0\u00bb _builder_version=\u00a0\u00bb4.17.4&Prime; _module_preset=\u00a0\u00bbdefault\u00a0\u00bb global_colors_info=\u00a0\u00bb{}\u00a0\u00bb][et_pb_column type=\u00a0\u00bb4_4&Prime; _builder_version=\u00a0\u00bb4.17.4&Prime; _module_preset=\u00a0\u00bbdefault\u00a0\u00bb global_colors_info=\u00a0\u00bb{}\u00a0\u00bb][et_pb_text module_class=\u00a0\u00bbartists-intro-module\u00a0\u00bb _builder_version=\u00a0\u00bb4.27.4&Prime; _module_preset=\u00a0\u00bbdefault\u00a0\u00bb animation_style=\u00a0\u00bbslide\u00a0\u00bb animation_direction=\u00a0\u00bbbottom\u00a0\u00bb animation_duration=\u00a0\u00bb900ms\u00a0\u00bb animation_intensity_slide=\u00a0\u00bb5%\u00a0\u00bb hover_enabled=\u00a0\u00bb0&Prime; text_orientation_tablet=\u00a0\u00bb\u00a0\u00bb text_orientation_phone=\u00a0\u00bbjustified\u00a0\u00bb text_orientation_last_edited=\u00a0\u00bbon|phone\u00a0\u00bb global_colors_info=\u00a0\u00bb{}\u00a0\u00bb sticky_enabled=\u00a0\u00bb0&Prime; module_id=\u00a0\u00bbpresentation-page-artistes\u00a0\u00bb]<\/p>\n<p>Chacun soigneusement s\u00e9lectionn\u00e9 \u00e0 partir de sa technique, sa passion, sa recherche et son d\u00e9sir d\u2019expliquer quelque chose \u00e0 travers l\u2019art. Tous incarnant l\u2019\u00e9tat d\u2019esprit scandinave.<\/p>\n<p>[\/et_pb_text][\/et_pb_column][\/et_pb_row][\/et_pb_section][et_pb_section fb_built=\u00a0\u00bb1&Prime; module_class=\u00a0\u00bbartists-list-section\u00a0\u00bb _builder_version=\u00a0\u00bb4.17.4&Prime; _module_preset=\u00a0\u00bbdefault\u00a0\u00bb global_colors_info=\u00a0\u00bb{}\u00a0\u00bb][et_pb_row module_class=\u00a0\u00bbartists-list-row\u00a0\u00bb _builder_version=\u00a0\u00bb4.27.4&Prime; _module_preset=\u00a0\u00bbdefault\u00a0\u00bb max_width=\u00a0\u00bb1060px\u00a0\u00bb global_colors_info=\u00a0\u00bb{}\u00a0\u00bb][et_pb_column type=\u00a0\u00bb4_4&Prime; _builder_version=\u00a0\u00bb4.17.4&Prime; _module_preset=\u00a0\u00bbdefault\u00a0\u00bb global_colors_info=\u00a0\u00bb{}\u00a0\u00bb][et_pb_blog posts_number=\u00a0\u00bb9&Prime; use_manual_excerpt=\u00a0\u00bboff\u00a0\u00bb show_author=\u00a0\u00bboff\u00a0\u00bb show_date=\u00a0\u00bboff\u00a0\u00bb show_categories=\u00a0\u00bboff\u00a0\u00bb show_excerpt=\u00a0\u00bboff\u00a0\u00bb show_pagination=\u00a0\u00bboff\u00a0\u00bb module_class=\u00a0\u00bbartists-module\u00a0\u00bb _builder_version=\u00a0\u00bb4.27.4&Prime; _module_preset=\u00a0\u00bbdefault\u00a0\u00bb hover_enabled=\u00a0\u00bb0&Prime; global_colors_info=\u00a0\u00bb{}\u00a0\u00bb header_font_size_last_edited=\u00a0\u00bbon|phone\u00a0\u00bb header_font_size_tablet=\u00a0\u00bb16px\u00a0\u00bb sticky_enabled=\u00a0\u00bb0&Prime; header_font_size_phone=\u00a0\u00bb16px\u00a0\u00bb][\/et_pb_blog][\/et_pb_column][\/et_pb_row][\/et_pb_section][et_pb_section fb_built=\u00a0\u00bb1&Prime; admin_label=\u00a0\u00bbContact\u00a0\u00bb module_class=\u00a0\u00bbcontact-section\u00a0\u00bb _builder_version=\u00a0\u00bb4.17.4&Prime; _module_preset=\u00a0\u00bbdefault\u00a0\u00bb global_colors_info=\u00a0\u00bb{}\u00a0\u00bb][et_pb_row module_class=\u00a0\u00bbcontact-row\u00a0\u00bb _builder_version=\u00a0\u00bb4.17.4&Prime; _module_preset=\u00a0\u00bbdefault\u00a0\u00bb global_colors_info=\u00a0\u00bb{}\u00a0\u00bb][et_pb_column type=\u00a0\u00bb4_4&Prime; _builder_version=\u00a0\u00bb4.17.4&Prime; _module_preset=\u00a0\u00bbdefault\u00a0\u00bb global_colors_info=\u00a0\u00bb{}\u00a0\u00bb][et_pb_cta title=\u00a0\u00bbAcc\u00e9dez au Showroom\u00a0\u00bb button_url=\u00a0\u00bbhttps:\/\/heimdall-gallery.com\/fr\/showroom\/\u00a0\u00bb button_text=\u00a0\u00bbEntrer dans la galerie\u00a0\u00bb admin_label=\u00a0\u00bbContenu\u00a0\u00bb module_class=\u00a0\u00bbcontact-module text-link\u00a0\u00bb _builder_version=\u00a0\u00bb4.27.4&Prime; _module_preset=\u00a0\u00bbdefault\u00a0\u00bb header_level=\u00a0\u00bbh3&Prime; background_layout=\u00a0\u00bblight\u00a0\u00bb animation_style=\u00a0\u00bbfade\u00a0\u00bb animation_duration=\u00a0\u00bb900ms\u00a0\u00bb animation_starting_opacity=\u00a0\u00bb5%\u00a0\u00bb hover_enabled=\u00a0\u00bb0&Prime; global_colors_info=\u00a0\u00bb{}\u00a0\u00bb header_font_size_last_edited=\u00a0\u00bbon|phone\u00a0\u00bb header_font_size_tablet=\u00a0\u00bb21px\u00a0\u00bb sticky_enabled=\u00a0\u00bb0&Prime; header_font_size_phone=\u00a0\u00bb18px\u00a0\u00bb]<\/p>\n<p>Chaque pi\u00e8ce est une invitation au voyage nordique<\/p>\n<p>[\/et_pb_cta][\/et_pb_column][\/et_pb_row][\/et_pb_section]<\/p>\n","protected":false},"excerpt":{"rendered":"<p>Chacun soigneusement s\u00e9lectionn\u00e9 \u00e0 partir de sa technique, sa passion, sa recherche et son d\u00e9sir d\u2019expliquer quelque chose \u00e0 travers l\u2019art. Tous incarnant l\u2019\u00e9tat d\u2019esprit scandinave.Chaque pi\u00e8ce est une invitation au voyage nordique<\/p>\n","protected":false},"author":4,"featured_media":0,"parent":0,"menu_order":0,"comment_status":"closed","ping_status":"closed","template":"","meta":{"_et_pb_use_builder":"on","_et_pb_old_content":"[et_pb_section fb_built=\"1\" admin_label=\"Header\" module_class=\"header-section\" _builder_version=\"4.17.4\" _module_preset=\"default\" background_image=\"https:\/\/heimdallprod.wpengine.com\/wp-content\/uploads\/2022\/10\/header-artists.jpg\" global_colors_info=\"{}\"][et_pb_row module_class=\"header-row\" _builder_version=\"4.17.4\" _module_preset=\"default\" background_enable_image=\"off\" global_colors_info=\"{}\"][et_pb_column type=\"4_4\" _builder_version=\"4.17.4\" _module_preset=\"default\" global_colors_info=\"{}\"][et_pb_cta title=\"The beauty\r\nof our artists\" admin_label=\"Header\" module_class=\"header-module\" _builder_version=\"4.17.4\" _module_preset=\"default\" header_level=\"h1\" animation_style=\"fade\" animation_duration=\"900ms\" animation_delay=\"2ms\" animation_starting_opacity=\"2%\" global_colors_info=\"{}\"][\/et_pb_cta][\/et_pb_column][\/et_pb_row][\/et_pb_section][et_pb_section fb_built=\"1\" module_class=\"artists-intro-section\" _builder_version=\"4.17.4\" _module_preset=\"default\" global_colors_info=\"{}\"][et_pb_row module_class=\"artists-intro-row\" _builder_version=\"4.17.4\" _module_preset=\"default\" global_colors_info=\"{}\"][et_pb_column type=\"4_4\" _builder_version=\"4.17.4\" _module_preset=\"default\" global_colors_info=\"{}\"][et_pb_text module_class=\"artists-intro-module\" _builder_version=\"4.17.4\" _module_preset=\"default\" animation_style=\"slide\" animation_direction=\"bottom\" animation_duration=\"900ms\" animation_intensity_slide=\"5%\" hover_enabled=\"0\" global_colors_info=\"{}\" sticky_enabled=\"0\"]\r\n\r\nEach one carefully selected based on technique, passion, research and desire to tell something through the art. All embodying the Scandinavian state of mind.\r\n\r\n[\/et_pb_text][\/et_pb_column][\/et_pb_row][\/et_pb_section][et_pb_section fb_built=\"1\" module_class=\"artists-list-section\" _builder_version=\"4.17.4\" _module_preset=\"default\" global_colors_info=\"{}\"][et_pb_row module_class=\"artists-list-row\" _builder_version=\"4.17.4\" _module_preset=\"default\" global_colors_info=\"{}\"][et_pb_column type=\"4_4\" _builder_version=\"4.17.4\" _module_preset=\"default\" global_colors_info=\"{}\"][et_pb_blog posts_number=\"8\" use_manual_excerpt=\"off\" show_author=\"off\" show_date=\"off\" show_categories=\"off\" show_excerpt=\"off\" show_pagination=\"off\" module_class=\"artists-module\" _builder_version=\"4.17.4\" _module_preset=\"default\" global_colors_info=\"{}\"][\/et_pb_blog][\/et_pb_column][\/et_pb_row][\/et_pb_section][et_pb_section fb_built=\"1\" admin_label=\"Contact\" module_class=\"contact-section\" _builder_version=\"4.17.4\" _module_preset=\"default\" global_colors_info=\"{}\"][et_pb_row module_class=\"contact-row\" _builder_version=\"4.17.4\" _module_preset=\"default\" global_colors_info=\"{}\"][et_pb_column type=\"4_4\" _builder_version=\"4.17.4\" _module_preset=\"default\" global_colors_info=\"{}\"][et_pb_cta title=\"How do we choose our artists?\" button_url=\"\/contact\/\" button_text=\"Contact us\" admin_label=\"Contenu\" module_class=\"contact-module text-link\" _builder_version=\"4.17.4\" _module_preset=\"default\" header_level=\"h3\" background_layout=\"light\" animation_style=\"fade\" animation_duration=\"900ms\" animation_starting_opacity=\"5%\" hover_enabled=\"0\" global_colors_info=\"{}\" sticky_enabled=\"0\"]\r\n\r\nWe will gladly share with you our thinking process and what we value when choosing art.\r\n\r\n[\/et_pb_cta][\/et_pb_column][\/et_pb_row][\/et_pb_section]","_et_gb_content_width":"","footnotes":""},"class_list":["post-456","page","type-page","status-publish","hentry"],"yoast_head":"<!-- This site is optimized with the Yoast SEO plugin v27.4 - https:\/\/yoast.com\/product\/yoast-seo-wordpress\/ -->\n<title>Artistes - Heimdall Gallery<\/title>\n<meta name=\"robots\" content=\"index, follow, max-snippet:-1, max-image-preview:large, max-video-preview:-1\" \/>\n<link rel=\"canonical\" href=\"https:\/\/heimdall-gallery.com\/fr\/artistes\/\" \/>\n<meta property=\"og:locale\" content=\"fr_FR\" \/>\n<meta property=\"og:type\" content=\"article\" \/>\n<meta property=\"og:title\" content=\"Artistes - Heimdall Gallery\" \/>\n<meta property=\"og:description\" content=\"Chacun soigneusement s\u00e9lectionn\u00e9 \u00e0 partir de sa technique, sa passion, sa recherche et son d\u00e9sir d\u2019expliquer quelque chose \u00e0 travers l\u2019art. Tous incarnant l\u2019\u00e9tat d\u2019esprit scandinave.Chaque pi\u00e8ce est une invitation au voyage nordique\" \/>\n<meta property=\"og:url\" content=\"https:\/\/heimdall-gallery.com\/fr\/artistes\/\" \/>\n<meta property=\"og:site_name\" content=\"Heimdall Gallery\" \/>\n<meta property=\"article:modified_time\" content=\"2025-09-17T07:44:06+00:00\" \/>\n<meta property=\"og:image\" content=\"https:\/\/heimdall-gallery.com\/wp-content\/uploads\/2025\/09\/Logo-Heimdall-Gallery.jpg\" \/>\n\t<meta property=\"og:image:width\" content=\"1200\" \/>\n\t<meta property=\"og:image:height\" content=\"675\" \/>\n\t<meta property=\"og:image:type\" content=\"image\/jpeg\" \/>\n<meta name=\"twitter:card\" content=\"summary_large_image\" \/>\n<meta name=\"twitter:label1\" content=\"Dur\u00e9e de lecture estim\u00e9e\" \/>\n\t<meta name=\"twitter:data1\" content=\"3 minutes\" \/>\n<script type=\"application\/ld+json\" class=\"yoast-schema-graph\">{\"@context\":\"https:\\\/\\\/schema.org\",\"@graph\":[{\"@type\":\"WebPage\",\"@id\":\"https:\\\/\\\/heimdall-gallery.com\\\/fr\\\/artistes\\\/\",\"url\":\"https:\\\/\\\/heimdall-gallery.com\\\/fr\\\/artistes\\\/\",\"name\":\"Artistes - Heimdall Gallery\",\"isPartOf\":{\"@id\":\"https:\\\/\\\/heimdall-gallery.com\\\/fr\\\/#website\"},\"datePublished\":\"2022-09-15T10:25:40+00:00\",\"dateModified\":\"2025-09-17T07:44:06+00:00\",\"breadcrumb\":{\"@id\":\"https:\\\/\\\/heimdall-gallery.com\\\/fr\\\/artistes\\\/#breadcrumb\"},\"inLanguage\":\"fr-FR\",\"potentialAction\":[{\"@type\":\"ReadAction\",\"target\":[\"https:\\\/\\\/heimdall-gallery.com\\\/fr\\\/artistes\\\/\"]}]},{\"@type\":\"BreadcrumbList\",\"@id\":\"https:\\\/\\\/heimdall-gallery.com\\\/fr\\\/artistes\\\/#breadcrumb\",\"itemListElement\":[{\"@type\":\"ListItem\",\"position\":1,\"name\":\"Home\",\"item\":\"https:\\\/\\\/heimdall-gallery.com\\\/fr\\\/\"},{\"@type\":\"ListItem\",\"position\":2,\"name\":\"Artistes\"}]},{\"@type\":\"WebSite\",\"@id\":\"https:\\\/\\\/heimdall-gallery.com\\\/fr\\\/#website\",\"url\":\"https:\\\/\\\/heimdall-gallery.com\\\/fr\\\/\",\"name\":\"Heimdall Gallery\",\"description\":\"La beaut\u00e9 de la Scandinavie pour les passionn\u00e9s\",\"publisher\":{\"@id\":\"https:\\\/\\\/heimdall-gallery.com\\\/fr\\\/#organization\"},\"potentialAction\":[{\"@type\":\"SearchAction\",\"target\":{\"@type\":\"EntryPoint\",\"urlTemplate\":\"https:\\\/\\\/heimdall-gallery.com\\\/fr\\\/?s={search_term_string}\"},\"query-input\":{\"@type\":\"PropertyValueSpecification\",\"valueRequired\":true,\"valueName\":\"search_term_string\"}}],\"inLanguage\":\"fr-FR\"},{\"@type\":\"Organization\",\"@id\":\"https:\\\/\\\/heimdall-gallery.com\\\/fr\\\/#organization\",\"name\":\"Heimdall Gallery\",\"url\":\"https:\\\/\\\/heimdall-gallery.com\\\/fr\\\/\",\"logo\":{\"@type\":\"ImageObject\",\"inLanguage\":\"fr-FR\",\"@id\":\"https:\\\/\\\/heimdall-gallery.com\\\/fr\\\/#\\\/schema\\\/logo\\\/image\\\/\",\"url\":\"https:\\\/\\\/heimdall-gallery.com\\\/wp-content\\\/uploads\\\/2025\\\/08\\\/20220801_heimdall_logotype-bleu.jpg\",\"contentUrl\":\"https:\\\/\\\/heimdall-gallery.com\\\/wp-content\\\/uploads\\\/2025\\\/08\\\/20220801_heimdall_logotype-bleu.jpg\",\"width\":800,\"height\":800,\"caption\":\"Heimdall Gallery\"},\"image\":{\"@id\":\"https:\\\/\\\/heimdall-gallery.com\\\/fr\\\/#\\\/schema\\\/logo\\\/image\\\/\"},\"sameAs\":[\"https:\\\/\\\/www.instagram.com\\\/heimdall.gallery\\\/\"]}]}<\/script>\n<!-- \/ Yoast SEO plugin. -->","yoast_head_json":{"title":"Artistes - Heimdall Gallery","robots":{"index":"index","follow":"follow","max-snippet":"max-snippet:-1","max-image-preview":"max-image-preview:large","max-video-preview":"max-video-preview:-1"},"canonical":"https:\/\/heimdall-gallery.com\/fr\/artistes\/","og_locale":"fr_FR","og_type":"article","og_title":"Artistes - Heimdall Gallery","og_description":"Chacun soigneusement s\u00e9lectionn\u00e9 \u00e0 partir de sa technique, sa passion, sa recherche et son d\u00e9sir d\u2019expliquer quelque chose \u00e0 travers l\u2019art. Tous incarnant l\u2019\u00e9tat d\u2019esprit scandinave.Chaque pi\u00e8ce est une invitation au voyage nordique","og_url":"https:\/\/heimdall-gallery.com\/fr\/artistes\/","og_site_name":"Heimdall Gallery","article_modified_time":"2025-09-17T07:44:06+00:00","og_image":[{"width":1200,"height":675,"url":"https:\/\/heimdall-gallery.com\/wp-content\/uploads\/2025\/09\/Logo-Heimdall-Gallery.jpg","type":"image\/jpeg"}],"twitter_card":"summary_large_image","twitter_misc":{"Dur\u00e9e de lecture estim\u00e9e":"3 minutes"},"schema":{"@context":"https:\/\/schema.org","@graph":[{"@type":"WebPage","@id":"https:\/\/heimdall-gallery.com\/fr\/artistes\/","url":"https:\/\/heimdall-gallery.com\/fr\/artistes\/","name":"Artistes - Heimdall Gallery","isPartOf":{"@id":"https:\/\/heimdall-gallery.com\/fr\/#website"},"datePublished":"2022-09-15T10:25:40+00:00","dateModified":"2025-09-17T07:44:06+00:00","breadcrumb":{"@id":"https:\/\/heimdall-gallery.com\/fr\/artistes\/#breadcrumb"},"inLanguage":"fr-FR","potentialAction":[{"@type":"ReadAction","target":["https:\/\/heimdall-gallery.com\/fr\/artistes\/"]}]},{"@type":"BreadcrumbList","@id":"https:\/\/heimdall-gallery.com\/fr\/artistes\/#breadcrumb","itemListElement":[{"@type":"ListItem","position":1,"name":"Home","item":"https:\/\/heimdall-gallery.com\/fr\/"},{"@type":"ListItem","position":2,"name":"Artistes"}]},{"@type":"WebSite","@id":"https:\/\/heimdall-gallery.com\/fr\/#website","url":"https:\/\/heimdall-gallery.com\/fr\/","name":"Heimdall Gallery","description":"La beaut\u00e9 de la Scandinavie pour les passionn\u00e9s","publisher":{"@id":"https:\/\/heimdall-gallery.com\/fr\/#organization"},"potentialAction":[{"@type":"SearchAction","target":{"@type":"EntryPoint","urlTemplate":"https:\/\/heimdall-gallery.com\/fr\/?s={search_term_string}"},"query-input":{"@type":"PropertyValueSpecification","valueRequired":true,"valueName":"search_term_string"}}],"inLanguage":"fr-FR"},{"@type":"Organization","@id":"https:\/\/heimdall-gallery.com\/fr\/#organization","name":"Heimdall Gallery","url":"https:\/\/heimdall-gallery.com\/fr\/","logo":{"@type":"ImageObject","inLanguage":"fr-FR","@id":"https:\/\/heimdall-gallery.com\/fr\/#\/schema\/logo\/image\/","url":"https:\/\/heimdall-gallery.com\/wp-content\/uploads\/2025\/08\/20220801_heimdall_logotype-bleu.jpg","contentUrl":"https:\/\/heimdall-gallery.com\/wp-content\/uploads\/2025\/08\/20220801_heimdall_logotype-bleu.jpg","width":800,"height":800,"caption":"Heimdall Gallery"},"image":{"@id":"https:\/\/heimdall-gallery.com\/fr\/#\/schema\/logo\/image\/"},"sameAs":["https:\/\/www.instagram.com\/heimdall.gallery\/"]}]}},"_links":{"self":[{"href":"https:\/\/heimdall-gallery.com\/fr\/wp-json\/wp\/v2\/pages\/456","targetHints":{"allow":["GET"]}}],"collection":[{"href":"https:\/\/heimdall-gallery.com\/fr\/wp-json\/wp\/v2\/pages"}],"about":[{"href":"https:\/\/heimdall-gallery.com\/fr\/wp-json\/wp\/v2\/types\/page"}],"author":[{"embeddable":true,"href":"https:\/\/heimdall-gallery.com\/fr\/wp-json\/wp\/v2\/users\/4"}],"replies":[{"embeddable":true,"href":"https:\/\/heimdall-gallery.com\/fr\/wp-json\/wp\/v2\/comments?post=456"}],"version-history":[{"count":9,"href":"https:\/\/heimdall-gallery.com\/fr\/wp-json\/wp\/v2\/pages\/456\/revisions"}],"predecessor-version":[{"id":9891,"href":"https:\/\/heimdall-gallery.com\/fr\/wp-json\/wp\/v2\/pages\/456\/revisions\/9891"}],"wp:attachment":[{"href":"https:\/\/heimdall-gallery.com\/fr\/wp-json\/wp\/v2\/media?parent=456"}],"curies":[{"name":"wp","href":"https:\/\/api.w.org\/{rel}","templated":true}]}}